{"id":17,"date":"2021-01-16T17:20:16","date_gmt":"2021-01-16T17:20:16","guid":{"rendered":"https:\/\/inkola.cz\/?page_id=17"},"modified":"2021-01-16T17:44:12","modified_gmt":"2021-01-16T17:44:12","slug":"domu","status":"publish","type":"page","link":"https:\/\/inkola.cz\/","title":{"rendered":"V\u00edtejte"},"content":{"rendered":"\n<p>ve spole\u010dnosti Inkola spol. s r.o. V\u011b\u0159\u00edme, \u017ee u n\u00e1s najdete p\u0159esn\u011b takov\u00e9 \u0159e\u0161en\u00ed, kter\u00e9 bude odpov\u00eddat Va\u0161im p\u0159edstav\u00e1m.  Pojd\u0165e d\u00e1l&#8230;<\/p>\n","protected":false},"excerpt":{"rendered":"<p>ve spole\u010dnosti Inkola spol. s r.o. V\u011b\u0159\u00edme, \u017ee u n\u00e1s najdete p\u0159esn\u011b takov\u00e9 \u0159e\u0161en\u00ed, kter\u00e9 bude odpov\u00eddat Va\u0161im p\u0159edstav\u00e1m. Pojd\u0165e d\u00e1l&#8230;<\/p>\n","protected":false},"author":1,"featured_media":0,"parent":0,"menu_order":0,"comment_status":"closed","ping_status":"closed","template":"","meta":{"footnotes":""},"class_list":["post-17","page","type-page","status-publish","hentry"],"_links":{"self":[{"href":"https:\/\/inkola.cz\/index.php?rest_route=\/wp\/v2\/pages\/17","targetHints":{"allow":["GET"]}}],"collection":[{"href":"https:\/\/inkola.cz\/index.php?rest_route=\/wp\/v2\/pages"}],"about":[{"href":"https:\/\/inkola.cz\/index.php?rest_route=\/wp\/v2\/types\/page"}],"author":[{"embeddable":true,"href":"https:\/\/inkola.cz\/index.php?rest_route=\/wp\/v2\/users\/1"}],"replies":[{"embeddable":true,"href":"https:\/\/inkola.cz\/index.php?rest_route=%2Fwp%2Fv2%2Fcomments&post=17"}],"version-history":[{"count":3,"href":"https:\/\/inkola.cz\/index.php?rest_route=\/wp\/v2\/pages\/17\/revisions"}],"predecessor-version":[{"id":56,"href":"https:\/\/inkola.cz\/index.php?rest_route=\/wp\/v2\/pages\/17\/revisions\/56"}],"wp:attachment":[{"href":"https:\/\/inkola.cz\/index.php?rest_route=%2Fwp%2Fv2%2Fmedia&parent=17"}],"curies":[{"name":"wp","href":"https:\/\/api.w.org\/{rel}","templated":true}]}}